{"id":1754,"date":"2018-04-30T13:27:08","date_gmt":"2018-04-30T11:27:08","guid":{"rendered":"http:\/\/www.grouperossignol.com\/?page_id=1754"},"modified":"2018-05-03T16:26:58","modified_gmt":"2018-05-03T14:26:58","slug":"home2","status":"publish","type":"page","link":"https:\/\/www.grouperossignol.com\/en\/home2\/","title":{"rendered":"Home2"},"content":{"rendered":"<p>[vc_row full_width=\u00a0\u00bbstretch_row\u00a0\u00bb][vc_column]<section class=\"image-bg fullscreen overlay bg-dark vid-bg\"><div class=\"player\" data-video-id=\"qQFYpp7rLvg\" data-start-at=\"0\"><\/div>\n\t\t<div class=\"background-image-holder\">\n\t        \n\t    <\/div>\n\t\n\t\t\t<div class=\"masonry-loader\">\n\t\t\t\t<div class=\"spinner\"><\/div>\n\t\t\t<\/div>\n\t\t    \n\t\t    <div class=\"container v-align-transform\">\n\t\t        <div class=\"row\">\n\t\t            <div class=\"col-sm-10 col-sm-offset-1\"><\/p>\n<h4 class=\"mb56 mb-xs-24\" style=\"text-align: center;\">DES MARQUES FORTES QUI PARTAGENT UN ADN COMMUN :<br \/>\nL&rsquo;INNOVATION ET LA RECHERCHE DE LA PERFORMANCE<\/h4>\n<p style=\"text-align: center;\"><a class=\"btn btn-lg btn-white mb0\" href=\"\/marques\">NOS MARQUES<\/a><\/p>\n<p>\n<\/div>\n\t\t        <\/div>\n\t\t    <\/div>\n\t\t    \n\t\t<\/section>\n\t[\/vc_column][\/vc_row][vc_row foundry_padding=\u00a0\u00bbpb0&Prime;][vc_column][vc_column_text]<\/p>\n<h3 style=\"text-align: center;\">Acteur embl\u00e9matique des sports d&rsquo;hiver,<\/h3>\n<p class=\"mb40 mb-xs-24\" style=\"text-align: center;\">Le <strong>Groupe Rossignol<\/strong> \u00e9largit ses horizons et investit le quotidien des consommateurs, quelles que soient les saisons.<br \/>\nDu sportif de haut niveau \u00e0 l&rsquo;amateur, de la montagne \u00e0 la ville, tout au long de l&rsquo;ann\u00e9e, le groupe et ses marques offrent une exp\u00e9rience continue aux consommateurs et les accompagnent dans chaque moment de sport et de plaisir.<\/p>\n<p style=\"text-align: center;\"><a class=\"btn btn-lg btn-dark\" href=\"#\">LE GROUPE<\/a><\/p>\n<p>[\/vc_column_text][\/vc_column][\/vc_row][vc_row full_width=\u00a0\u00bbstretch_row\u00a0\u00bb][vc_column][vc_media_grid gap=\u00a0\u00bb0&Prime; grid_id=\u00a0\u00bbvc_gid:1525357438501-458eb611-5827-1&Prime; include=\u00a0\u00bb1856,1890,1850&Prime;][\/vc_column][\/vc_row][vc_row foundry_padding=\u00a0\u00bbpb0&Prime;][vc_column]\n\t\t<div class=\"row\">\n\t\t    <div class=\"col-sm-6 col-sm-offset-1\">\n\t\t        <div class=\"feature bordered restaurant-feature\">\n\t\t            <\/p>\n<h3 class=\"large uppercase mb64 mb-xs-24\">DES<br \/>\nMARQUES<br \/>\nFORTES<\/h3>\n<p class=\"mb80 mb-xs-24\">Lorem ipsum dolor sit amet, consectetur adipiscing elit, sed do eiusmod tempor incididunt ut labore et dolore magna aliqua. Ut enim ad minim veniam, quis nostrud exercitation ullamco laboris nisi ut aliquip ex ea commodo consequat. Duis aute irure dolor in reprehenderit in voluptate velit esse cillum dolore eu fugiat nulla pariatur.<\/p>\n<p><a class=\"btn btn-lg btn-filled\" href=\"\/marques\">VOIR TOUTES LES MARQUES<\/a><\/p>\n\n\t\t        <\/div>\n\t\t    <\/div>\n\t\t    <div class=\"col-sm-5 restaurant-images\">\n\t\t    \t<img width=\"372\" height=\"249\" src=\"https:\/\/www.grouperossignol.com\/en\/wp-content\/uploads\/sites\/2\/2018\/05\/marque_rossignol.jpg\" class=\"relative\" alt=\"\" loading=\"lazy\" style=\"right: 0px; top: 80px;\" srcset=\"https:\/\/www.grouperossignol.com\/en\/wp-content\/uploads\/sites\/2\/2018\/05\/marque_rossignol.jpg 372w, https:\/\/www.grouperossignol.com\/en\/wp-content\/uploads\/sites\/2\/2018\/05\/marque_rossignol-300x201.jpg 300w\" sizes=\"(max-width: 372px) 100vw, 372px\" \/>\n\t\t    \t<img width=\"374\" height=\"249\" src=\"https:\/\/www.grouperossignol.com\/en\/wp-content\/uploads\/sites\/2\/2018\/05\/marque_dynastar.jpg\" class=\"relative\" alt=\"\" loading=\"lazy\" style=\"right: 33%; top: 110px;\" srcset=\"https:\/\/www.grouperossignol.com\/en\/wp-content\/uploads\/sites\/2\/2018\/05\/marque_dynastar.jpg 374w, https:\/\/www.grouperossignol.com\/en\/wp-content\/uploads\/sites\/2\/2018\/05\/marque_dynastar-300x200.jpg 300w\" sizes=\"(max-width: 374px) 100vw, 374px\" \/>\n\t\t    <\/div>\n\t\t<\/div>\n\t[\/vc_column][\/vc_row][vc_row foundry_padding=\u00a0\u00bbpb0&Prime;][vc_column]\t\n\t\t\t\n\t\t<div class=\"row mb40\">\n\t\t\t<div class=\"col-sm-4\">\n\n    <a href=\"https:\/\/www.grouperossignol.com\/en\/on-piste-innovation\/\">\n        <img width=\"600\" height=\"400\" src=\"https:\/\/www.grouperossignol.com\/en\/wp-content\/uploads\/sites\/2\/2025\/11\/A19I5243-Florian_Monot-600x400.jpg\" class=\"mb24 wp-post-image\" alt=\"A person skiing down a slope dressed in blue.\" loading=\"lazy\" \/>    <\/a>\n    \n    <a href=\"https:\/\/www.grouperossignol.com\/en\/on-piste-innovation\/\"><h4 class=\"mb8\">Rossignol Group Innovates with new On Piste+ feature:  AI for Enhanced Skier Performance<\/h4><\/a>    \n    <ul class=\"list-inline mb16\">\n        <li>20 novembre 2025<\/li>\n        <li><a href=\"https:\/\/www.grouperossignol.com\/en\/author\/clegay\/\" title=\"Articles par clegay\" rel=\"author\">clegay<\/a><\/li>\n        <li><span class=\"label\"><a href=\"https:\/\/www.grouperossignol.com\/en\/category\/dynastar\/\" rel=\"category tag\">Dynastar<\/a><\/span><\/li>\n    <\/ul>\n    \n    <p class=\"mb0\">The Rossignol Group is proud to announce the launch of On Piste+, an innovative new feature for its On Piste mobile...<\/p>\n    \n<\/div><div class=\"col-sm-4\">\n\n    <a href=\"https:\/\/www.grouperossignol.com\/en\/rossignol-x-ac-milan\/\">\n        <img width=\"600\" height=\"400\" src=\"https:\/\/www.grouperossignol.com\/en\/wp-content\/uploads\/sites\/2\/2025\/11\/KV_16x9-min-600x400.jpg\" class=\"mb24 wp-post-image\" alt=\"Three people standing, one with a pair of skis in their hands, and one person crouching in the foreground in a snowy landscape.\" loading=\"lazy\" \/>    <\/a>\n    \n    <a href=\"https:\/\/www.grouperossignol.com\/en\/rossignol-x-ac-milan\/\"><h4 class=\"mb8\">AC MILAN kicks off the winter season with Rossignol through a special capsule collection<\/h4><\/a>    \n    <ul class=\"list-inline mb16\">\n        <li>12 novembre 2025<\/li>\n        <li><a href=\"https:\/\/www.grouperossignol.com\/en\/author\/clegay\/\" title=\"Articles par clegay\" rel=\"author\">clegay<\/a><\/li>\n        <li><span class=\"label\"><a href=\"https:\/\/www.grouperossignol.com\/en\/category\/rossignol\/\" rel=\"category tag\">Rossignol<\/a><\/span><\/li>\n    <\/ul>\n    \n    <p class=\"mb0\">A collaboration born from the Clubhouse: a new collection blending mountain performance and lifestyle appeal &#8211; as part of AC Milan\u2019s...<\/p>\n    \n<\/div><div class=\"col-sm-4\">\n\n    <a href=\"https:\/\/www.grouperossignol.com\/en\/rossignol-x-lizee\/\">\n        <img width=\"600\" height=\"400\" src=\"https:\/\/www.grouperossignol.com\/en\/wp-content\/uploads\/sites\/2\/2025\/10\/Lizee_img_defaut.jpg\" class=\"mb24 wp-post-image\" alt=\"Two people laughing together during a moment of relaxation\" loading=\"lazy\" srcset=\"https:\/\/www.grouperossignol.com\/en\/wp-content\/uploads\/sites\/2\/2025\/10\/Lizee_img_defaut.jpg 600w, https:\/\/www.grouperossignol.com\/en\/wp-content\/uploads\/sites\/2\/2025\/10\/Lizee_img_defaut-300x200.jpg 300w\" sizes=\"(max-width: 600px) 100vw, 600px\" \/>    <\/a>\n    \n    <a href=\"https:\/\/www.grouperossignol.com\/en\/rossignol-x-lizee\/\"><h4 class=\"mb8\">Rossignol x Lizee: gearing up differently for a more responsible mountain experience<\/h4><\/a>    \n    <ul class=\"list-inline mb16\">\n        <li>29 octobre 2025<\/li>\n        <li><a href=\"https:\/\/www.grouperossignol.com\/en\/author\/clegay\/\" title=\"Articles par clegay\" rel=\"author\">clegay<\/a><\/li>\n        <li><span class=\"label\"><a href=\"https:\/\/www.grouperossignol.com\/en\/category\/respect-program\/\" rel=\"category tag\">Respect program<\/a><\/span><span class=\"label\"><a href=\"https:\/\/www.grouperossignol.com\/en\/category\/rossignol\/\" rel=\"category tag\">Rossignol<\/a><\/span><\/li>\n    <\/ul>\n    \n    <p class=\"mb0\">Rossignol is launching its new ski clothing rental service and second-life textile offer\u2014two new solutions designed to simplify mountain stays. In...<\/p>\n    \n<\/div>\t\n\t\t<\/div>\n\t\t\n\t\t\t\t\n\t\t\t\t\n[\/vc_column][\/vc_row]<\/p>\n","protected":false},"excerpt":{"rendered":"<p>[vc_row full_width=\u00a0\u00bbstretch_row\u00a0\u00bb][vc_column][\/vc_column][\/vc_row][vc_row foundry_padding=\u00a0\u00bbpb0&Prime;][vc_column][vc_column_text] Acteur embl\u00e9matique des sports d&rsquo;hiver, Le Groupe Rossignol \u00e9largit ses horizons et investit le quotidien des consommateurs, quelles&#8230;<\/p>\n","protected":false},"author":1,"featured_media":0,"parent":0,"menu_order":0,"comment_status":"closed","ping_status":"closed","template":"","meta":[],"yoast_head":"<!-- This site is optimized with the Yoast SEO plugin v18.8 - https:\/\/yoast.com\/wordpress\/plugins\/seo\/ -->\n<title>Home2 - Rossignol Group<\/title>\n<meta name=\"robots\" content=\"index, follow, max-snippet:-1, max-image-preview:large, max-video-preview:-1\" \/>\n<link rel=\"canonical\" href=\"https:\/\/www.grouperossignol.com\/en\/home2\/\" \/>\n<meta property=\"og:locale\" content=\"fr_FR\" \/>\n<meta property=\"og:type\" content=\"article\" \/>\n<meta property=\"og:title\" content=\"Home2 - Rossignol Group\" \/>\n<meta property=\"og:description\" content=\"[vc_row full_width=\u00a0\u00bbstretch_row\u00a0\u00bb][vc_column][\/vc_column][\/vc_row][vc_row foundry_padding=\u00a0\u00bbpb0&Prime;][vc_column][vc_column_text] Acteur embl\u00e9matique des sports d&rsquo;hiver, Le Groupe Rossignol \u00e9largit ses horizons et investit le quotidien des consommateurs, quelles...\" \/>\n<meta property=\"og:url\" content=\"https:\/\/www.grouperossignol.com\/en\/home2\/\" \/>\n<meta property=\"og:site_name\" content=\"Rossignol Group\" \/>\n<meta property=\"article:modified_time\" content=\"2018-05-03T14:26:58+00:00\" \/>\n<meta name=\"twitter:card\" content=\"summary_large_image\" \/>\n<meta name=\"twitter:label1\" content=\"Dur\u00e9e de lecture estim\u00e9e\" \/>\n\t<meta name=\"twitter:data1\" content=\"1 minute\" \/>\n<script type=\"application\/ld+json\" class=\"yoast-schema-graph\">{\"@context\":\"https:\/\/schema.org\",\"@graph\":[{\"@type\":\"WebSite\",\"@id\":\"https:\/\/www.grouperossignol.com\/en\/#website\",\"url\":\"https:\/\/www.grouperossignol.com\/en\/\",\"name\":\"Rossignol Group\",\"description\":\"Another Best Day\",\"potentialAction\":[{\"@type\":\"SearchAction\",\"target\":{\"@type\":\"EntryPoint\",\"urlTemplate\":\"https:\/\/www.grouperossignol.com\/en\/?s={search_term_string}\"},\"query-input\":\"required name=search_term_string\"}],\"inLanguage\":\"fr-FR\"},{\"@type\":\"WebPage\",\"@id\":\"https:\/\/www.grouperossignol.com\/en\/home2\/#webpage\",\"url\":\"https:\/\/www.grouperossignol.com\/en\/home2\/\",\"name\":\"Home2 - Rossignol Group\",\"isPartOf\":{\"@id\":\"https:\/\/www.grouperossignol.com\/en\/#website\"},\"datePublished\":\"2018-04-30T11:27:08+00:00\",\"dateModified\":\"2018-05-03T14:26:58+00:00\",\"breadcrumb\":{\"@id\":\"https:\/\/www.grouperossignol.com\/en\/home2\/#breadcrumb\"},\"inLanguage\":\"fr-FR\",\"potentialAction\":[{\"@type\":\"ReadAction\",\"target\":[\"https:\/\/www.grouperossignol.com\/en\/home2\/\"]}]},{\"@type\":\"BreadcrumbList\",\"@id\":\"https:\/\/www.grouperossignol.com\/en\/home2\/#breadcrumb\",\"itemListElement\":[{\"@type\":\"ListItem\",\"position\":1,\"name\":\"Home\",\"item\":\"https:\/\/www.grouperossignol.com\/en\/\"},{\"@type\":\"ListItem\",\"position\":2,\"name\":\"Home2\"}]}]}<\/script>\n<!-- \/ Yoast SEO plugin. -->","yoast_head_json":{"title":"Home2 - Rossignol Group","robots":{"index":"index","follow":"follow","max-snippet":"max-snippet:-1","max-image-preview":"max-image-preview:large","max-video-preview":"max-video-preview:-1"},"canonical":"https:\/\/www.grouperossignol.com\/en\/home2\/","og_locale":"fr_FR","og_type":"article","og_title":"Home2 - Rossignol Group","og_description":"[vc_row full_width=\u00a0\u00bbstretch_row\u00a0\u00bb][vc_column][\/vc_column][\/vc_row][vc_row foundry_padding=\u00a0\u00bbpb0&Prime;][vc_column][vc_column_text] Acteur embl\u00e9matique des sports d&rsquo;hiver, Le Groupe Rossignol \u00e9largit ses horizons et investit le quotidien des consommateurs, quelles...","og_url":"https:\/\/www.grouperossignol.com\/en\/home2\/","og_site_name":"Rossignol Group","article_modified_time":"2018-05-03T14:26:58+00:00","twitter_card":"summary_large_image","twitter_misc":{"Dur\u00e9e de lecture estim\u00e9e":"1 minute"},"schema":{"@context":"https:\/\/schema.org","@graph":[{"@type":"WebSite","@id":"https:\/\/www.grouperossignol.com\/en\/#website","url":"https:\/\/www.grouperossignol.com\/en\/","name":"Rossignol Group","description":"Another Best Day","potentialAction":[{"@type":"SearchAction","target":{"@type":"EntryPoint","urlTemplate":"https:\/\/www.grouperossignol.com\/en\/?s={search_term_string}"},"query-input":"required name=search_term_string"}],"inLanguage":"fr-FR"},{"@type":"WebPage","@id":"https:\/\/www.grouperossignol.com\/en\/home2\/#webpage","url":"https:\/\/www.grouperossignol.com\/en\/home2\/","name":"Home2 - Rossignol Group","isPartOf":{"@id":"https:\/\/www.grouperossignol.com\/en\/#website"},"datePublished":"2018-04-30T11:27:08+00:00","dateModified":"2018-05-03T14:26:58+00:00","breadcrumb":{"@id":"https:\/\/www.grouperossignol.com\/en\/home2\/#breadcrumb"},"inLanguage":"fr-FR","potentialAction":[{"@type":"ReadAction","target":["https:\/\/www.grouperossignol.com\/en\/home2\/"]}]},{"@type":"BreadcrumbList","@id":"https:\/\/www.grouperossignol.com\/en\/home2\/#breadcrumb","itemListElement":[{"@type":"ListItem","position":1,"name":"Home","item":"https:\/\/www.grouperossignol.com\/en\/"},{"@type":"ListItem","position":2,"name":"Home2"}]}]}},"_links":{"self":[{"href":"https:\/\/www.grouperossignol.com\/en\/wp-json\/wp\/v2\/pages\/1754"}],"collection":[{"href":"https:\/\/www.grouperossignol.com\/en\/wp-json\/wp\/v2\/pages"}],"about":[{"href":"https:\/\/www.grouperossignol.com\/en\/wp-json\/wp\/v2\/types\/page"}],"author":[{"embeddable":true,"href":"https:\/\/www.grouperossignol.com\/en\/wp-json\/wp\/v2\/users\/1"}],"replies":[{"embeddable":true,"href":"https:\/\/www.grouperossignol.com\/en\/wp-json\/wp\/v2\/comments?post=1754"}],"version-history":[{"count":25,"href":"https:\/\/www.grouperossignol.com\/en\/wp-json\/wp\/v2\/pages\/1754\/revisions"}],"predecessor-version":[{"id":1923,"href":"https:\/\/www.grouperossignol.com\/en\/wp-json\/wp\/v2\/pages\/1754\/revisions\/1923"}],"wp:attachment":[{"href":"https:\/\/www.grouperossignol.com\/en\/wp-json\/wp\/v2\/media?parent=1754"}],"curies":[{"name":"wp","href":"https:\/\/api.w.org\/{rel}","templated":true}]}}